{"id":40,"date":"2025-11-26T12:29:11","date_gmt":"2025-11-26T11:29:11","guid":{"rendered":"https:\/\/fiskeopplevelser.no\/?page_id=40"},"modified":"2025-11-26T13:49:09","modified_gmt":"2025-11-26T12:49:09","slug":"elementor-40","status":"publish","type":"page","link":"https:\/\/fiskeopplevelser.no\/","title":{"rendered":"Elementor #40"},"content":{"rendered":"\t\t<div data-elementor-type=\"wp-post\" data-elementor-id=\"40\" class=\"elementor elementor-40\">\n\t\t\t\t<div class=\"elementor-element elementor-element-6f0e264 e-flex e-con-boxed e-con e-parent\" data-id=\"6f0e264\" data-element_type=\"container\">\n\t\t\t\t\t<div class=\"e-con-inner\">\n\t\t\t\t<div class=\"elementor-element elementor-element-b5ed451 elementor-widget elementor-widget-heading\" data-id=\"b5ed451\" data-element_type=\"widget\" data-widget_type=\"heading.default\">\n\t\t\t\t\t<h2 class=\"elementor-heading-title elementor-size-default\">Fiskeopplevelser.no<br><\/h2>\t\t\t\t<\/div>\n\t\t<div class=\"elementor-element elementor-element-8ef4076 e-con-full e-flex e-con e-child\" data-id=\"8ef4076\" data-element_type=\"container\">\n\t\t\t\t<div class=\"elementor-element elementor-element-5cc2010 elementor-widget elementor-widget-text-editor\" data-id=\"5cc2010\" data-element_type=\"widget\" data-widget_type=\"text-editor.default\">\n\t\t\t\t\t\t\t\t\t<p><strong data-start=\"82\" data-end=\"173\">Guidet fisketur i vakker kystnatur. Skreddersydd til deres gruppe.<\/strong><br data-start=\"173\" data-end=\"176\" \/>Vi har gleden av \u00e5 tilby guidede fisketurer i den vakre kyststripen ytterst i \u00d8ygarden. Turene tipasses deres gruppe, enten det er med familien, firmaet eller vennegjengen.\u00a0 Her kan du pr\u00f8ve deg p\u00e5 fiske med stang, fisking med line, trekke garn og teiner. Underveis f\u00e5r dere servert lokale smakspr\u00f8ver og evt tilbereding av fangst, om \u00f8nskelig.\u00a0<\/p><p><strong data-start=\"476\" data-end=\"523\" data-is-last-node=\"\">Kontakt oss for booking og tilgjengelighet.<\/strong><\/p>\t\t\t\t\t\t\t\t<\/div>\n\t\t\t\t<\/div>\n\t\t\t\t<div class=\"elementor-element elementor-element-bf8bc8e elementor-widget elementor-widget-video\" data-id=\"bf8bc8e\" data-element_type=\"widget\" data-settings=\"{&quot;youtube_url&quot;:&quot;https:\\\/\\\/www.youtube.com\\\/watch?v=vO08Cio7iYU&quot;,&quot;autoplay&quot;:&quot;yes&quot;,&quot;play_on_mobile&quot;:&quot;yes&quot;,&quot;video_type&quot;:&quot;youtube&quot;,&quot;controls&quot;:&quot;yes&quot;}\" data-widget_type=\"video.default\">\n\t\t\t\t\t\t\t<div class=\"elementor-wrapper elementor-open-inline\">\n\t\t\t<div class=\"elementor-video\"><\/div>\t\t<\/div>\n\t\t\t\t\t\t<\/div>\n\t\t<div class=\"elementor-element elementor-element-ab1667c e-con-full e-flex e-con e-child\" data-id=\"ab1667c\" data-element_type=\"container\">\n\t\t\t\t<\/div>\n\t\t\t\t\t<\/div>\n\t\t\t\t<\/div>\n\t\t<div class=\"elementor-element elementor-element-b39fed8 e-flex e-con-boxed e-con e-parent\" data-id=\"b39fed8\" data-element_type=\"container\">\n\t\t\t\t\t<div class=\"e-con-inner\">\n\t\t\t\t<div class=\"elementor-element elementor-element-c85f972 elementor-arrows-position-inside elementor-pagination-position-outside elementor-widget elementor-widget-image-carousel\" data-id=\"c85f972\" data-element_type=\"widget\" data-settings=\"{&quot;slides_to_show&quot;:&quot;3&quot;,&quot;slides_to_scroll&quot;:&quot;1&quot;,&quot;navigation&quot;:&quot;both&quot;,&quot;autoplay&quot;:&quot;yes&quot;,&quot;pause_on_hover&quot;:&quot;yes&quot;,&quot;pause_on_interaction&quot;:&quot;yes&quot;,&quot;autoplay_speed&quot;:5000,&quot;infinite&quot;:&quot;yes&quot;,&quot;speed&quot;:500}\" data-widget_type=\"image-carousel.default\">\n\t\t\t\t\t\t\t<div class=\"elementor-image-carousel-wrapper swiper\" role=\"region\" aria-roledescription=\"carousel\" aria-label=\"Bildekarusell\" dir=\"rtl\">\n\t\t\t<div class=\"elementor-image-carousel swiper-wrapper\" aria-live=\"off\">\n\t\t\t\t\t\t\t\t<div class=\"swiper-slide\" role=\"group\" aria-roledescription=\"slide\" aria-label=\"1 av 9\"><figure class=\"swiper-slide-inner\"><img decoding=\"async\" class=\"swiper-slide-image\" src=\"https:\/\/fiskeopplevelser.no\/wp-content\/uploads\/2025\/11\/IMG_2044_small.webp\" alt=\"IMG_2044_small\" \/><\/figure><\/div><div class=\"swiper-slide\" role=\"group\" aria-roledescription=\"slide\" aria-label=\"2 av 9\"><figure class=\"swiper-slide-inner\"><img decoding=\"async\" class=\"swiper-slide-image\" src=\"https:\/\/fiskeopplevelser.no\/wp-content\/uploads\/2025\/11\/IMG_2312_small.webp\" alt=\"IMG_2312_small\" \/><\/figure><\/div><div class=\"swiper-slide\" role=\"group\" aria-roledescription=\"slide\" aria-label=\"3 av 9\"><figure class=\"swiper-slide-inner\"><img decoding=\"async\" class=\"swiper-slide-image\" src=\"https:\/\/fiskeopplevelser.no\/wp-content\/uploads\/2025\/11\/IMG_2048_small.webp\" alt=\"IMG_2048_small\" \/><\/figure><\/div><div class=\"swiper-slide\" role=\"group\" aria-roledescription=\"slide\" aria-label=\"4 av 9\"><figure class=\"swiper-slide-inner\"><img decoding=\"async\" class=\"swiper-slide-image\" src=\"https:\/\/fiskeopplevelser.no\/wp-content\/uploads\/2025\/11\/IMG_2339_small.webp\" alt=\"IMG_2339_small\" \/><\/figure><\/div><div class=\"swiper-slide\" role=\"group\" aria-roledescription=\"slide\" aria-label=\"5 av 9\"><figure class=\"swiper-slide-inner\"><img decoding=\"async\" class=\"swiper-slide-image\" src=\"https:\/\/fiskeopplevelser.no\/wp-content\/uploads\/2025\/11\/IMG_2220_small.webp\" alt=\"IMG_2220_small\" \/><\/figure><\/div><div class=\"swiper-slide\" role=\"group\" aria-roledescription=\"slide\" aria-label=\"6 av 9\"><figure class=\"swiper-slide-inner\"><img decoding=\"async\" class=\"swiper-slide-image\" src=\"https:\/\/fiskeopplevelser.no\/wp-content\/uploads\/2025\/11\/IMG_2286_small.webp\" alt=\"IMG_2286_small\" \/><\/figure><\/div><div class=\"swiper-slide\" role=\"group\" aria-roledescription=\"slide\" aria-label=\"7 av 9\"><figure class=\"swiper-slide-inner\"><img decoding=\"async\" class=\"swiper-slide-image\" src=\"https:\/\/fiskeopplevelser.no\/wp-content\/uploads\/2025\/11\/IMG_2353_small.webp\" alt=\"IMG_2353_small\" \/><\/figure><\/div><div class=\"swiper-slide\" role=\"group\" aria-roledescription=\"slide\" aria-label=\"8 av 9\"><figure class=\"swiper-slide-inner\"><img decoding=\"async\" class=\"swiper-slide-image\" src=\"https:\/\/fiskeopplevelser.no\/wp-content\/uploads\/2025\/11\/IMG_2218_small.webp\" alt=\"IMG_2218_small\" \/><\/figure><\/div><div class=\"swiper-slide\" role=\"group\" aria-roledescription=\"slide\" aria-label=\"9 av 9\"><figure class=\"swiper-slide-inner\"><img decoding=\"async\" class=\"swiper-slide-image\" src=\"https:\/\/fiskeopplevelser.no\/wp-content\/uploads\/2025\/11\/IMG_2025-scaled.webp\" alt=\"IMG_2025\" \/><\/figure><\/div>\t\t\t<\/div>\n\t\t\t\t\t\t\t\t\t\t\t\t<div class=\"elementor-swiper-button elementor-swiper-button-prev\" role=\"button\" tabindex=\"0\">\n\t\t\t\t\t\t<svg aria-hidden=\"true\" class=\"e-font-icon-svg e-eicon-chevron-left\" viewBox=\"0 0 1000 1000\" xmlns=\"http:\/\/www.w3.org\/2000\/svg\"><path d=\"M646 125C629 125 613 133 604 142L308 442C296 454 292 471 292 487 292 504 296 521 308 533L604 854C617 867 629 875 646 875 663 875 679 871 692 858 704 846 713 829 713 812 713 796 708 779 692 767L438 487 692 225C700 217 708 204 708 187 708 171 704 154 692 142 675 129 663 125 646 125Z\"><\/path><\/svg>\t\t\t\t\t<\/div>\n\t\t\t\t\t<div class=\"elementor-swiper-button elementor-swiper-button-next\" role=\"button\" tabindex=\"0\">\n\t\t\t\t\t\t<svg aria-hidden=\"true\" class=\"e-font-icon-svg e-eicon-chevron-right\" viewBox=\"0 0 1000 1000\" xmlns=\"http:\/\/www.w3.org\/2000\/svg\"><path d=\"M696 533C708 521 713 504 713 487 713 471 708 454 696 446L400 146C388 133 375 125 354 125 338 125 325 129 313 142 300 154 292 171 292 187 292 204 296 221 308 233L563 492 304 771C292 783 288 800 288 817 288 833 296 850 308 863 321 871 338 875 354 875 371 875 388 867 400 854L696 533Z\"><\/path><\/svg>\t\t\t\t\t<\/div>\n\t\t\t\t\n\t\t\t\t\t\t\t\t\t<div class=\"swiper-pagination\"><\/div>\n\t\t\t\t\t\t\t\t\t<\/div>\n\t\t\t\t\t\t<\/div>\n\t\t\t\t\t<\/div>\n\t\t\t\t<\/div>\n\t\t<div class=\"elementor-element elementor-element-c301f0d e-flex e-con-boxed e-con e-parent\" data-id=\"c301f0d\" data-element_type=\"container\">\n\t\t\t\t\t<div class=\"e-con-inner\">\n\t\t\t\t<div class=\"elementor-element elementor-element-d053f86 elementor-widget elementor-widget-google_maps\" data-id=\"d053f86\" data-element_type=\"widget\" data-widget_type=\"google_maps.default\">\n\t\t\t\t\t\t\t<div class=\"elementor-custom-embed\">\n\t\t\t<iframe loading=\"lazy\"\n\t\t\t\t\tsrc=\"https:\/\/maps.google.com\/maps?q=H%C3%A5kondsundsvegen&#038;t=m&#038;z=10&#038;output=embed&#038;iwloc=near\"\n\t\t\t\t\ttitle=\"H\u00e5kondsundsvegen\"\n\t\t\t\t\taria-label=\"H\u00e5kondsundsvegen\"\n\t\t\t><\/iframe>\n\t\t<\/div>\n\t\t\t\t\t\t<\/div>\n\t\t<div class=\"elementor-element elementor-element-33d4ce6 e-con-full e-flex e-con e-child\" data-id=\"33d4ce6\" data-element_type=\"container\">\n\t\t\t\t<div class=\"elementor-element elementor-element-a4be9db elementor-widget elementor-widget-text-editor\" data-id=\"a4be9db\" data-element_type=\"widget\" data-widget_type=\"text-editor.default\">\n\t\t\t\t\t\t\t\t\t<p>Ta kontakt<\/p><p>Borgar Bernhardsen<\/p><p>tlf: (47) 92838600<\/p><p>Mail: post@fiskeopplevelser.no<\/p><p>Adresse: H\u00e5konsundsvegen, 5379 steinsland.\u00a0<\/p><p>(45 min fra Bergen sentrum)\u00a0<\/p><p><img fetchpriority=\"high\" decoding=\"async\" class=\"alignnone size-medium wp-image-27\" src=\"https:\/\/fiskeopplevelser.no\/wp-content\/uploads\/2025\/11\/logo-fiskeopplevelser-300x300.webp\" alt=\"\" width=\"300\" height=\"300\" srcset=\"https:\/\/fiskeopplevelser.no\/wp-content\/uploads\/2025\/11\/logo-fiskeopplevelser-300x300.webp 300w, https:\/\/fiskeopplevelser.no\/wp-content\/uploads\/2025\/11\/logo-fiskeopplevelser-150x150.webp 150w, https:\/\/fiskeopplevelser.no\/wp-content\/uploads\/2025\/11\/logo-fiskeopplevelser-768x768.webp 768w, https:\/\/fiskeopplevelser.no\/wp-content\/uploads\/2025\/11\/logo-fiskeopplevelser.webp 1024w\" sizes=\"(max-width: 300px) 100vw, 300px\" \/><\/p>\t\t\t\t\t\t\t\t<\/div>\n\t\t\t\t<div class=\"elementor-element elementor-element-f11510b elementor-widget elementor-widget-icon-box\" data-id=\"f11510b\" data-element_type=\"widget\" data-widget_type=\"icon-box.default\">\n\t\t\t\t\t\t\t<div class=\"elementor-icon-box-wrapper\">\n\n\t\t\t\n\t\t\t\t\t\t<div class=\"elementor-icon-box-content\">\n\n\t\t\t\t\t\t\t\t\t<h3 class=\"elementor-icon-box-title\">\n\t\t\t\t\t\t<span  >\n\t\t\t\t\t\t\tF\u00f8lg oss\t\t\t\t\t\t<\/span>\n\t\t\t\t\t<\/h3>\n\t\t\t\t\n\t\t\t\t\n\t\t\t<\/div>\n\t\t\t\n\t\t<\/div>\n\t\t\t\t\t\t<\/div>\n\t\t\t\t<\/div>\n\t\t\t\t\t<\/div>\n\t\t\t\t<\/div>\n\t\t<div class=\"elementor-element elementor-element-668d1af e-grid e-con-boxed e-con e-parent\" data-id=\"668d1af\" data-element_type=\"container\">\n\t\t\t\t\t<div class=\"e-con-inner\">\n\t\t\t\t<div class=\"elementor-element elementor-element-739e209 elementor-view-default elementor-widget elementor-widget-icon\" data-id=\"739e209\" data-element_type=\"widget\" data-widget_type=\"icon.default\">\n\t\t\t\t\t\t\t<div class=\"elementor-icon-wrapper\">\n\t\t\t<a class=\"elementor-icon\" href=\"https:\/\/www.instagram.com\/fiskeopplevelser.no?igsh=MTIybzNhZDZ0N3FybA==\">\n\t\t\t<svg aria-hidden=\"true\" class=\"e-font-icon-svg e-fab-instagram\" viewBox=\"0 0 448 512\" xmlns=\"http:\/\/www.w3.org\/2000\/svg\"><path d=\"M224.1 141c-63.6 0-114.9 51.3-114.9 114.9s51.3 114.9 114.9 114.9S339 319.5 339 255.9 287.7 141 224.1 141zm0 189.6c-41.1 0-74.7-33.5-74.7-74.7s33.5-74.7 74.7-74.7 74.7 33.5 74.7 74.7-33.6 74.7-74.7 74.7zm146.4-194.3c0 14.9-12 26.8-26.8 26.8-14.9 0-26.8-12-26.8-26.8s12-26.8 26.8-26.8 26.8 12 26.8 26.8zm76.1 27.2c-1.7-35.9-9.9-67.7-36.2-93.9-26.2-26.2-58-34.4-93.9-36.2-37-2.1-147.9-2.1-184.9 0-35.8 1.7-67.6 9.9-93.9 36.1s-34.4 58-36.2 93.9c-2.1 37-2.1 147.9 0 184.9 1.7 35.9 9.9 67.7 36.2 93.9s58 34.4 93.9 36.2c37 2.1 147.9 2.1 184.9 0 35.9-1.7 67.7-9.9 93.9-36.2 26.2-26.2 34.4-58 36.2-93.9 2.1-37 2.1-147.8 0-184.8zM398.8 388c-7.8 19.6-22.9 34.7-42.6 42.6-29.5 11.7-99.5 9-132.1 9s-102.7 2.6-132.1-9c-19.6-7.8-34.7-22.9-42.6-42.6-11.7-29.5-9-99.5-9-132.1s-2.6-102.7 9-132.1c7.8-19.6 22.9-34.7 42.6-42.6 29.5-11.7 99.5-9 132.1-9s102.7-2.6 132.1 9c19.6 7.8 34.7 22.9 42.6 42.6 11.7 29.5 9 99.5 9 132.1s2.7 102.7-9 132.1z\"><\/path><\/svg>\t\t\t<\/a>\n\t\t<\/div>\n\t\t\t\t\t\t<\/div>\n\t\t\t\t<div class=\"elementor-element elementor-element-30c029b elementor-view-default elementor-widget elementor-widget-icon\" data-id=\"30c029b\" data-element_type=\"widget\" data-widget_type=\"icon.default\">\n\t\t\t\t\t\t\t<div class=\"elementor-icon-wrapper\">\n\t\t\t<a class=\"elementor-icon\" href=\"https:\/\/www.tiktok.com\/@fiskeopplevelser?_r=1&#038;_t=ZN-91ing2io5P4\">\n\t\t\t<svg aria-hidden=\"true\" class=\"e-font-icon-svg e-fab-tiktok\" viewBox=\"0 0 448 512\" xmlns=\"http:\/\/www.w3.org\/2000\/svg\"><path d=\"M448,209.91a210.06,210.06,0,0,1-122.77-39.25V349.38A162.55,162.55,0,1,1,185,188.31V278.2a74.62,74.62,0,1,0,52.23,71.18V0l88,0a121.18,121.18,0,0,0,1.86,22.17h0A122.18,122.18,0,0,0,381,102.39a121.43,121.43,0,0,0,67,20.14Z\"><\/path><\/svg>\t\t\t<\/a>\n\t\t<\/div>\n\t\t\t\t\t\t<\/div>\n\t\t\t\t\t<\/div>\n\t\t\t\t<\/div>\n\t\t\t\t<\/div>\n\t\t","protected":false},"excerpt":{"rendered":"<p>Fiskeopplevelser.no Guidet fisketur i vakker kystnatur. Skreddersydd til deres gruppe.Vi har gleden av \u00e5 tilby guidede fisketurer i den vakre kyststripen ytterst i \u00d8ygarden. Turene tipasses deres gruppe, enten det er med familien, firmaet eller vennegjengen.\u00a0 Her kan du pr\u00f8ve deg p\u00e5 fiske med stang, fisking med line, trekke garn og teiner. Underveis f\u00e5r dere [&hellip;]<\/p>\n","protected":false},"author":1,"featured_media":0,"parent":0,"menu_order":0,"comment_status":"closed","ping_status":"closed","template":"","meta":{"footnotes":""},"class_list":["post-40","page","type-page","status-publish","hentry"],"_links":{"self":[{"href":"https:\/\/fiskeopplevelser.no\/index.php\/wp-json\/wp\/v2\/pages\/40","targetHints":{"allow":["GET"]}}],"collection":[{"href":"https:\/\/fiskeopplevelser.no\/index.php\/wp-json\/wp\/v2\/pages"}],"about":[{"href":"https:\/\/fiskeopplevelser.no\/index.php\/wp-json\/wp\/v2\/types\/page"}],"author":[{"embeddable":true,"href":"https:\/\/fiskeopplevelser.no\/index.php\/wp-json\/wp\/v2\/users\/1"}],"replies":[{"embeddable":true,"href":"https:\/\/fiskeopplevelser.no\/index.php\/wp-json\/wp\/v2\/comments?post=40"}],"version-history":[{"count":10,"href":"https:\/\/fiskeopplevelser.no\/index.php\/wp-json\/wp\/v2\/pages\/40\/revisions"}],"predecessor-version":[{"id":219,"href":"https:\/\/fiskeopplevelser.no\/index.php\/wp-json\/wp\/v2\/pages\/40\/revisions\/219"}],"wp:attachment":[{"href":"https:\/\/fiskeopplevelser.no\/index.php\/wp-json\/wp\/v2\/media?parent=40"}],"curies":[{"name":"wp","href":"https:\/\/api.w.org\/{rel}","templated":true}]}}